{"id":5153,"date":"2020-08-06T10:14:48","date_gmt":"2020-08-06T08:14:48","guid":{"rendered":"https:\/\/www.physiotherapie-schweitzer.com\/fisiolatos\/"},"modified":"2026-03-11T11:19:27","modified_gmt":"2026-03-11T10:19:27","slug":"physyolates","status":"publish","type":"page","link":"https:\/\/www.physiotherapie-schweitzer.com\/es\/physyolates\/","title":{"rendered":"Fisiolatos"},"content":{"rendered":"\t\t<div data-elementor-type=\"wp-page\" data-elementor-id=\"5153\" class=\"elementor elementor-5153 elementor-171\" data-elementor-post-type=\"page\">\n\t\t\t\t\t\t<section class=\"elementor-section elementor-top-section elementor-element elementor-element-d34b308 elementor-section-stretched elementor-section-boxed elementor-section-height-default elementor-section-height-default\" data-id=\"d34b308\" data-element_type=\"section\" data-e-type=\"section\" data-settings=\"{&quot;stretch_section&quot;:&quot;section-stretched&quot;,&quot;background_background&quot;:&quot;classic&quot;}\">\n\t\t\t\t\t\t<div class=\"elementor-container elementor-column-gap-default\">\n\t\t\t\t\t<div class=\"elementor-column elementor-col-100 elementor-top-column elementor-element elementor-element-52e03d4f\" data-id=\"52e03d4f\" data-element_type=\"column\" data-e-type=\"column\">\n\t\t\t<div class=\"elementor-widget-wrap elementor-element-populated\">\n\t\t\t\t\t\t<section class=\"elementor-section elementor-inner-section elementor-element elementor-element-51d2fa0 elementor-section-boxed elementor-section-height-default elementor-section-height-default\" data-id=\"51d2fa0\" data-element_type=\"section\" data-e-type=\"section\" data-settings=\"{&quot;background_background&quot;:&quot;classic&quot;}\">\n\t\t\t\t\t\t<div class=\"elementor-container elementor-column-gap-default\">\n\t\t\t\t\t<div class=\"elementor-column elementor-col-100 elementor-inner-column elementor-element elementor-element-95d6766\" data-id=\"95d6766\" data-element_type=\"column\" data-e-type=\"column\">\n\t\t\t<div class=\"elementor-widget-wrap elementor-element-populated\">\n\t\t\t\t\t\t\t<\/div>\n\t\t<\/div>\n\t\t\t\t\t<\/div>\n\t\t<\/section>\n\t\t\t\t<section class=\"elementor-section elementor-inner-section elementor-element elementor-element-76828db elementor-section-boxed elementor-section-height-default elementor-section-height-default\" data-id=\"76828db\" data-element_type=\"section\" data-e-type=\"section\" data-settings=\"{&quot;background_background&quot;:&quot;classic&quot;}\">\n\t\t\t\t\t\t<div class=\"elementor-container elementor-column-gap-default\">\n\t\t\t\t\t<div class=\"elementor-column elementor-col-100 elementor-inner-column elementor-element elementor-element-1c3c5ec\" data-id=\"1c3c5ec\" data-element_type=\"column\" data-e-type=\"column\">\n\t\t\t<div class=\"elementor-widget-wrap elementor-element-populated\">\n\t\t\t\t\t\t<div class=\"elementor-element elementor-element-93c8abf elementor-widget elementor-widget-image\" data-id=\"93c8abf\" data-element_type=\"widget\" data-e-type=\"widget\" data-widget_type=\"image.default\">\n\t\t\t\t<div class=\"elementor-widget-container\">\n\t\t\t\t\t\t\t\t\t\t\t\t\t\t\t<img fetchpriority=\"high\" decoding=\"async\" width=\"1688\" height=\"679\" src=\"https:\/\/www.physiotherapie-schweitzer.com\/wp-content\/uploads\/2020\/08\/unterseite_physyolates.jpg\" class=\"attachment-full size-full wp-image-24\" alt=\"\" srcset=\"https:\/\/www.physiotherapie-schweitzer.com\/wp-content\/uploads\/2020\/08\/unterseite_physyolates.jpg 1688w, https:\/\/www.physiotherapie-schweitzer.com\/wp-content\/uploads\/2020\/08\/unterseite_physyolates-300x121.jpg 300w, https:\/\/www.physiotherapie-schweitzer.com\/wp-content\/uploads\/2020\/08\/unterseite_physyolates-1024x412.jpg 1024w, https:\/\/www.physiotherapie-schweitzer.com\/wp-content\/uploads\/2020\/08\/unterseite_physyolates-768x309.jpg 768w, https:\/\/www.physiotherapie-schweitzer.com\/wp-content\/uploads\/2020\/08\/unterseite_physyolates-1536x618.jpg 1536w\" sizes=\"(max-width: 1688px) 100vw, 1688px\" \/>\t\t\t\t\t\t\t\t\t\t\t\t\t\t\t<\/div>\n\t\t\t\t<\/div>\n\t\t\t\t\t<\/div>\n\t\t<\/div>\n\t\t\t\t\t<\/div>\n\t\t<\/section>\n\t\t\t\t<section class=\"elementor-section elementor-inner-section elementor-element elementor-element-a7708c4 elementor-section-boxed elementor-section-height-default elementor-section-height-default\" data-id=\"a7708c4\" data-element_type=\"section\" data-e-type=\"section\" data-settings=\"{&quot;background_background&quot;:&quot;classic&quot;}\">\n\t\t\t\t\t\t<div class=\"elementor-container elementor-column-gap-wider\">\n\t\t\t\t\t<div class=\"elementor-column elementor-col-66 elementor-inner-column elementor-element elementor-element-555020c\" data-id=\"555020c\" data-element_type=\"column\" data-e-type=\"column\" data-settings=\"{&quot;background_background&quot;:&quot;classic&quot;}\">\n\t\t\t<div class=\"elementor-widget-wrap elementor-element-populated\">\n\t\t\t\t\t\t<div class=\"elementor-element elementor-element-d21731f elementor-widget elementor-widget-heading\" data-id=\"d21731f\" data-element_type=\"widget\" data-e-type=\"widget\" data-widget_type=\"heading.default\">\n\t\t\t\t<div class=\"elementor-widget-container\">\n\t\t\t\t\t<h2 class=\"elementor-heading-title elementor-size-default\">SUAVE PERO POTENTE<\/h2>\t\t\t\t<\/div>\n\t\t\t\t<\/div>\n\t\t\t\t<div class=\"elementor-element elementor-element-5f5af1b elementor-widget elementor-widget-text-editor\" data-id=\"5f5af1b\" data-element_type=\"widget\" data-e-type=\"widget\" data-widget_type=\"text-editor.default\">\n\t\t\t\t<div class=\"elementor-widget-container\">\n\t\t\t\t\t\t\t\t\t<p>El concepto de entrenamiento de Susanne Botzenhart combina lo mejor de los mundos de la <strong>fisio<\/strong>terapia deportiva, el <strong>yo<\/strong>ga y el pi<strong>lates<\/strong>. La interacci\u00f3n consciente con el cuerpo ocupa un lugar central. Es una mezcla de fuerza, flexibilidad y equilibrio, en la que se pone gran \u00e9nfasis en el entrenamiento de los m\u00fasculos profundos y estabilizadores. Los ejercicios se realizan en el flujo de la respiraci\u00f3n, que tambi\u00e9n ofrece una relajaci\u00f3n beneficiosa para la mente. \u00ab<strong>physyolates<\/strong>\u00bb es a la vez suave, pero tambi\u00e9n potente y desafiante: tus propios l\u00edmites se buscan, se encuentran y se ampl\u00edan conscientemente. Esto convierte a los \u00ab<strong>fisiolatos<\/strong>\u00bb en un concepto de entrenamiento adecuado y exitoso para casi todo el mundo, incluidos los hombres.<\/p><p> <\/p><p>Inf\u00f3rmese hoy mismo sobre las posibilidades de un entrenamiento personalizado para usted.<\/p>\t\t\t\t\t\t\t\t<\/div>\n\t\t\t\t<\/div>\n\t\t\t\t\t<\/div>\n\t\t<\/div>\n\t\t\t\t<div class=\"elementor-column elementor-col-33 elementor-inner-column elementor-element elementor-element-528f38b\" data-id=\"528f38b\" data-element_type=\"column\" data-e-type=\"column\">\n\t\t\t<div class=\"elementor-widget-wrap elementor-element-populated\">\n\t\t\t\t\t\t<div class=\"elementor-element elementor-element-14187cc elementor-widget elementor-widget-heading\" data-id=\"14187cc\" data-element_type=\"widget\" data-e-type=\"widget\" data-widget_type=\"heading.default\">\n\t\t\t\t<div class=\"elementor-widget-container\">\n\t\t\t\t\t<h2 class=\"elementor-heading-title elementor-size-default\">Socio<\/h2>\t\t\t\t<\/div>\n\t\t\t\t<\/div>\n\t\t\t\t<div class=\"elementor-element elementor-element-fc722ac uael-img-grid__column-2 uael-img-grid-tablet__column-3 uael-img-grid-mobile__column-2 uael-ins-normal elementor-widget elementor-widget-global elementor-global-250 elementor-widget-uael-image-gallery\" data-id=\"fc722ac\" data-element_type=\"widget\" data-e-type=\"widget\" data-settings=\"{&quot;gallery_columns&quot;:&quot;2&quot;,&quot;column_gap&quot;:{&quot;unit&quot;:&quot;px&quot;,&quot;size&quot;:10,&quot;sizes&quot;:[]},&quot;row_gap&quot;:{&quot;unit&quot;:&quot;px&quot;,&quot;size&quot;:10,&quot;sizes&quot;:[]},&quot;gallery_columns_tablet&quot;:&quot;3&quot;,&quot;gallery_columns_mobile&quot;:&quot;2&quot;,&quot;column_gap_tablet&quot;:{&quot;unit&quot;:&quot;px&quot;,&quot;size&quot;:&quot;&quot;,&quot;sizes&quot;:[]},&quot;column_gap_mobile&quot;:{&quot;unit&quot;:&quot;px&quot;,&quot;size&quot;:&quot;&quot;,&quot;sizes&quot;:[]},&quot;row_gap_tablet&quot;:{&quot;unit&quot;:&quot;px&quot;,&quot;size&quot;:&quot;&quot;,&quot;sizes&quot;:[]},&quot;row_gap_mobile&quot;:{&quot;unit&quot;:&quot;px&quot;,&quot;size&quot;:&quot;&quot;,&quot;sizes&quot;:[]},&quot;images_valign&quot;:&quot;flex-start&quot;}\" data-widget_type=\"uael-image-gallery.default\">\n\t\t\t\t<div class=\"elementor-widget-container\">\n\t\t\t\t\t<div class=\"uael-gallery-parent uael-caption- uael-gallery-unjustified\"><div class=\"uael-img-gallery-wrap uael-img-grid-wrap uael-img-grid-masonry-wrap\" data-filter-default=\"All\"><div class=\"uael-grid-item  uael-img-gallery-item-1\"><div class=\"uael-grid-item-content\"><a class=\"uael-grid-img uael-grid-gallery-img uael-ins-hover elementor-clickable\" target=\"_blank\" rel=\"dofollow\" href=\"https:\/\/silke-schweitzer.ringana.com\/\" data-elementor-open-lightbox=\"no\"><div class=\"uael-grid-img-thumbnail uael-ins-target\"><img decoding=\"async\" width=\"1181\" height=\"813\" src=\"https:\/\/www.physiotherapie-schweitzer.com\/wp-content\/uploads\/2024\/11\/RINGANA_LOGO-Partner.jpg\" class=\"attachment-full size-full wp-image-4226 not-transparent\" alt=\"\" data-has-transparency=\"false\" data-dominant-color=\"e5e5e5\" style=\"--dominant-color: #e5e5e5\" srcset=\"https:\/\/www.physiotherapie-schweitzer.com\/wp-content\/uploads\/2024\/11\/RINGANA_LOGO-Partner.jpg 1181w, https:\/\/www.physiotherapie-schweitzer.com\/wp-content\/uploads\/2024\/11\/RINGANA_LOGO-Partner-300x207.jpg 300w, https:\/\/www.physiotherapie-schweitzer.com\/wp-content\/uploads\/2024\/11\/RINGANA_LOGO-Partner-1024x705.jpg 1024w, https:\/\/www.physiotherapie-schweitzer.com\/wp-content\/uploads\/2024\/11\/RINGANA_LOGO-Partner-768x529.jpg 768w\" sizes=\"(max-width: 1181px) 100vw, 1181px\" \/><\/div><div class=\"uael-grid-img-overlay\"><\/div><\/a><\/div><\/div><div class=\"uael-grid-item  uael-img-gallery-item-2\"><div class=\"uael-grid-item-content\"><a class=\"uael-grid-img uael-grid-gallery-img uael-ins-hover elementor-clickable\" target=\"_blank\" rel=\"dofollow\" href=\"https:\/\/www.trxtraining.com\/\" data-elementor-open-lightbox=\"no\"><div class=\"uael-grid-img-thumbnail uael-ins-target\"><img decoding=\"async\" width=\"95\" height=\"80\" src=\"https:\/\/www.physiotherapie-schweitzer.com\/wp-content\/uploads\/2020\/08\/partner_1_hover.jpg\" class=\"attachment-full size-full wp-image-50\" alt=\"\" \/><\/div><div class=\"uael-grid-img-overlay\"><\/div><\/a><\/div><\/div><div class=\"uael-grid-item  uael-img-gallery-item-3\"><div class=\"uael-grid-item-content\"><a class=\"uael-grid-img uael-grid-gallery-img uael-ins-hover elementor-clickable\" target=\"_blank\" rel=\"dofollow\" href=\"https:\/\/www.physyolates.com\/\" data-elementor-open-lightbox=\"no\"><div class=\"uael-grid-img-thumbnail uael-ins-target\"><img loading=\"lazy\" decoding=\"async\" width=\"95\" height=\"80\" src=\"https:\/\/www.physiotherapie-schweitzer.com\/wp-content\/uploads\/2020\/08\/partner_2_hover.jpg\" class=\"attachment-full size-full wp-image-52\" alt=\"\" \/><\/div><div class=\"uael-grid-img-overlay\"><\/div><\/a><\/div><\/div><div class=\"uael-grid-item  uael-img-gallery-item-4\"><div class=\"uael-grid-item-content\"><a class=\"uael-grid-img uael-grid-gallery-img uael-ins-hover elementor-clickable\" target=\"_blank\" rel=\"dofollow\" href=\"https:\/\/www.nasm.org\/\" data-elementor-open-lightbox=\"no\"><div class=\"uael-grid-img-thumbnail uael-ins-target\"><img loading=\"lazy\" decoding=\"async\" width=\"95\" height=\"80\" src=\"https:\/\/www.physiotherapie-schweitzer.com\/wp-content\/uploads\/2020\/08\/partner_4_hover.jpg\" class=\"attachment-full size-full wp-image-56\" alt=\"\" \/><\/div><div class=\"uael-grid-img-overlay\"><\/div><\/a><\/div><\/div><\/div><\/div>\t\t\t\t<\/div>\n\t\t\t\t<\/div>\n\t\t\t\t<div class=\"elementor-element elementor-element-fbe945a elementor-widget elementor-widget-spacer\" data-id=\"fbe945a\" data-element_type=\"widget\" data-e-type=\"widget\" data-widget_type=\"spacer.default\">\n\t\t\t\t<div class=\"elementor-widget-container\">\n\t\t\t\t\t\t\t<div class=\"elementor-spacer\">\n\t\t\t<div class=\"elementor-spacer-inner\"><\/div>\n\t\t<\/div>\n\t\t\t\t\t\t<\/div>\n\t\t\t\t<\/div>\n\t\t\t\t\t<\/div>\n\t\t<\/div>\n\t\t\t\t\t<\/div>\n\t\t<\/section>\n\t\t\t\t\t<\/div>\n\t\t<\/div>\n\t\t\t\t\t<\/div>\n\t\t<\/section>\n\t\t\t\t<\/div>\n\t\t","protected":false},"excerpt":{"rendered":"<p>SUAVE PERO POTENTE El concepto de entrenamiento de Susanne Botzenhart combina lo mejor de los mundos de la fisioterapia deportiva, el yoga y el pilates. La interacci\u00f3n consciente con el cuerpo ocupa un lugar central. Es una mezcla de fuerza, flexibilidad y equilibrio, en la que se pone gran \u00e9nfasis en el entrenamiento de los [&hellip;]<\/p>\n","protected":false},"author":4,"featured_media":5135,"parent":0,"menu_order":0,"comment_status":"closed","ping_status":"closed","template":"elementor_header_footer","meta":{"site-sidebar-layout":"no-sidebar","site-content-layout":"default","ast-site-content-layout":"default","site-content-style":"default","site-sidebar-style":"default","ast-global-header-display":"","ast-banner-title-visibility":"","ast-main-header-display":"","ast-hfb-above-header-display":"","ast-hfb-below-header-display":"","ast-hfb-mobile-header-display":"","site-post-title":"","ast-breadcrumbs-content":"","ast-featured-img":"","footer-sml-layout":"","ast-disable-related-posts":"","theme-transparent-header-meta":"default","adv-header-id-meta":"","stick-header-meta":"default","header-above-stick-meta":"","header-main-stick-meta":"","header-below-stick-meta":"","astra-migrate-meta-layouts":"default","ast-page-background-enabled":"default","ast-page-background-meta":{"desktop":{"background-color":"","background-image":"","background-repeat":"repeat","background-position":"center center","background-size":"auto","background-attachment":"scroll","background-type":"","background-media":"","overlay-type":"","overlay-color":"","overlay-opacity":"","overlay-gradient":""},"tablet":{"background-color":"","background-image":"","background-repeat":"repeat","background-position":"center center","background-size":"auto","background-attachment":"scroll","background-type":"","background-media":"","overlay-type":"","overlay-color":"","overlay-opacity":"","overlay-gradient":""},"mobile":{"background-color":"","background-image":"","background-repeat":"repeat","background-position":"center center","background-size":"auto","background-attachment":"scroll","background-type":"","background-media":"","overlay-type":"","overlay-color":"","overlay-opacity":"","overlay-gradient":""}},"ast-content-background-meta":{"desktop":{"background-color":"var(--ast-global-color-5)","background-image":"","background-repeat":"repeat","background-position":"center center","background-size":"auto","background-attachment":"scroll","background-type":"","background-media":"","overlay-type":"","overlay-color":"","overlay-opacity":"","overlay-gradient":""},"tablet":{"background-color":"var(--ast-global-color-5)","background-image":"","background-repeat":"repeat","background-position":"center center","background-size":"auto","background-attachment":"scroll","background-type":"","background-media":"","overlay-type":"","overlay-color":"","overlay-opacity":"","overlay-gradient":""},"mobile":{"background-color":"var(--ast-global-color-5)","background-image":"","background-repeat":"repeat","background-position":"center center","background-size":"auto","background-attachment":"scroll","background-type":"","background-media":"","overlay-type":"","overlay-color":"","overlay-opacity":"","overlay-gradient":""}},"footnotes":""},"class_list":["post-5153","page","type-page","status-publish","has-post-thumbnail","hentry"],"yoast_head":"<!-- This site is optimized with the Yoast SEO plugin v27.3 - https:\/\/yoast.com\/product\/yoast-seo-wordpress\/ -->\n<title>FISIOLATAS en M\u00fanich \u27a4 Consulta de fisioterapia S. Schweitzer<\/title>\n<meta name=\"description\" content=\"FISIOLATOS \u27a4 FISIOTERAPIA YOga PiLATES \u27a4 Entrenamiento suave y potente seg\u00fan S. Botzenhart \u27a4 CITA gratuita \u260e +49 170 485 74 58\" \/>\n<meta name=\"robots\" content=\"index, follow, max-snippet:-1, max-image-preview:large, max-video-preview:-1\" \/>\n<link rel=\"canonical\" href=\"https:\/\/www.physiotherapie-schweitzer.com\/es\/physyolates\/\" \/>\n<meta property=\"og:locale\" content=\"es_ES\" \/>\n<meta property=\"og:type\" content=\"article\" \/>\n<meta property=\"og:title\" content=\"FISIOLATAS en M\u00fanich \u27a4 Consulta de fisioterapia S. Schweitzer\" \/>\n<meta property=\"og:description\" content=\"FISIOLATOS \u27a4 FISIOTERAPIA YOga PiLATES \u27a4 Entrenamiento suave y potente seg\u00fan S. Botzenhart \u27a4 CITA gratuita \u260e +49 170 485 74 58\" \/>\n<meta property=\"og:url\" content=\"https:\/\/www.physiotherapie-schweitzer.com\/es\/physyolates\/\" \/>\n<meta property=\"og:site_name\" content=\"Physiotherapie Schweitzer\" \/>\n<meta property=\"article:modified_time\" content=\"2026-03-11T10:19:27+00:00\" \/>\n<meta property=\"og:image\" content=\"https:\/\/www.physiotherapie-schweitzer.com\/wp-content\/uploads\/2020\/08\/header_physiotherapie-1.jpg\" \/>\n\t<meta property=\"og:image:width\" content=\"1600\" \/>\n\t<meta property=\"og:image:height\" content=\"460\" \/>\n\t<meta property=\"og:image:type\" content=\"image\/jpeg\" \/>\n<meta name=\"twitter:card\" content=\"summary_large_image\" \/>\n<meta name=\"twitter:label1\" content=\"Tiempo de lectura\" \/>\n\t<meta name=\"twitter:data1\" content=\"1 minuto\" \/>\n<script type=\"application\/ld+json\" class=\"yoast-schema-graph\">{\"@context\":\"https:\\\/\\\/schema.org\",\"@graph\":[{\"@type\":\"WebPage\",\"@id\":\"https:\\\/\\\/www.physiotherapie-schweitzer.com\\\/es\\\/physyolates\\\/\",\"url\":\"https:\\\/\\\/www.physiotherapie-schweitzer.com\\\/es\\\/physyolates\\\/\",\"name\":\"FISIOLATAS en M\u00fanich \u27a4 Consulta de fisioterapia S. Schweitzer\",\"isPartOf\":{\"@id\":\"https:\\\/\\\/www.physiotherapie-schweitzer.com\\\/es\\\/#website\"},\"primaryImageOfPage\":{\"@id\":\"https:\\\/\\\/www.physiotherapie-schweitzer.com\\\/es\\\/physyolates\\\/#primaryimage\"},\"image\":{\"@id\":\"https:\\\/\\\/www.physiotherapie-schweitzer.com\\\/es\\\/physyolates\\\/#primaryimage\"},\"thumbnailUrl\":\"https:\\\/\\\/www.physiotherapie-schweitzer.com\\\/wp-content\\\/uploads\\\/2020\\\/08\\\/header_physiotherapie-1.jpg\",\"datePublished\":\"2020-08-06T08:14:48+00:00\",\"dateModified\":\"2026-03-11T10:19:27+00:00\",\"description\":\"FISIOLATOS \u27a4 FISIOTERAPIA YOga PiLATES \u27a4 Entrenamiento suave y potente seg\u00fan S. Botzenhart \u27a4 CITA gratuita \u260e +49 170 485 74 58\",\"breadcrumb\":{\"@id\":\"https:\\\/\\\/www.physiotherapie-schweitzer.com\\\/es\\\/physyolates\\\/#breadcrumb\"},\"inLanguage\":\"es\",\"potentialAction\":[{\"@type\":\"ReadAction\",\"target\":[\"https:\\\/\\\/www.physiotherapie-schweitzer.com\\\/es\\\/physyolates\\\/\"]}]},{\"@type\":\"ImageObject\",\"inLanguage\":\"es\",\"@id\":\"https:\\\/\\\/www.physiotherapie-schweitzer.com\\\/es\\\/physyolates\\\/#primaryimage\",\"url\":\"https:\\\/\\\/www.physiotherapie-schweitzer.com\\\/wp-content\\\/uploads\\\/2020\\\/08\\\/header_physiotherapie-1.jpg\",\"contentUrl\":\"https:\\\/\\\/www.physiotherapie-schweitzer.com\\\/wp-content\\\/uploads\\\/2020\\\/08\\\/header_physiotherapie-1.jpg\",\"width\":1600,\"height\":460},{\"@type\":\"BreadcrumbList\",\"@id\":\"https:\\\/\\\/www.physiotherapie-schweitzer.com\\\/es\\\/physyolates\\\/#breadcrumb\",\"itemListElement\":[{\"@type\":\"ListItem\",\"position\":1,\"name\":\"Home\",\"item\":\"https:\\\/\\\/www.physiotherapie-schweitzer.com\\\/es\\\/fisioterapia-silke-schweitzer\\\/\"},{\"@type\":\"ListItem\",\"position\":2,\"name\":\"Fisiolatos\"}]},{\"@type\":\"WebSite\",\"@id\":\"https:\\\/\\\/www.physiotherapie-schweitzer.com\\\/es\\\/#website\",\"url\":\"https:\\\/\\\/www.physiotherapie-schweitzer.com\\\/es\\\/\",\"name\":\"Physiotherapie Schweitzer\",\"description\":\"Eine weitere WordPress-Website\",\"publisher\":{\"@id\":\"https:\\\/\\\/www.physiotherapie-schweitzer.com\\\/es\\\/#organization\"},\"potentialAction\":[{\"@type\":\"SearchAction\",\"target\":{\"@type\":\"EntryPoint\",\"urlTemplate\":\"https:\\\/\\\/www.physiotherapie-schweitzer.com\\\/es\\\/?s={search_term_string}\"},\"query-input\":{\"@type\":\"PropertyValueSpecification\",\"valueRequired\":true,\"valueName\":\"search_term_string\"}}],\"inLanguage\":\"es\"},{\"@type\":\"Organization\",\"@id\":\"https:\\\/\\\/www.physiotherapie-schweitzer.com\\\/es\\\/#organization\",\"name\":\"Physiotherapie Schweitzer\",\"url\":\"https:\\\/\\\/www.physiotherapie-schweitzer.com\\\/es\\\/\",\"logo\":{\"@type\":\"ImageObject\",\"inLanguage\":\"es\",\"@id\":\"https:\\\/\\\/www.physiotherapie-schweitzer.com\\\/es\\\/#\\\/schema\\\/logo\\\/image\\\/\",\"url\":\"https:\\\/\\\/www.physiotherapie-schweitzer.com\\\/wp-content\\\/uploads\\\/2020\\\/08\\\/logo.png\",\"contentUrl\":\"https:\\\/\\\/www.physiotherapie-schweitzer.com\\\/wp-content\\\/uploads\\\/2020\\\/08\\\/logo.png\",\"width\":300,\"height\":110,\"caption\":\"Physiotherapie Schweitzer\"},\"image\":{\"@id\":\"https:\\\/\\\/www.physiotherapie-schweitzer.com\\\/es\\\/#\\\/schema\\\/logo\\\/image\\\/\"}}]}<\/script>\n<!-- \/ Yoast SEO plugin. -->","yoast_head_json":{"title":"FISIOLATAS en M\u00fanich \u27a4 Consulta de fisioterapia S. Schweitzer","description":"FISIOLATOS \u27a4 FISIOTERAPIA YOga PiLATES \u27a4 Entrenamiento suave y potente seg\u00fan S. Botzenhart \u27a4 CITA gratuita \u260e +49 170 485 74 58","robots":{"index":"index","follow":"follow","max-snippet":"max-snippet:-1","max-image-preview":"max-image-preview:large","max-video-preview":"max-video-preview:-1"},"canonical":"https:\/\/www.physiotherapie-schweitzer.com\/es\/physyolates\/","og_locale":"es_ES","og_type":"article","og_title":"FISIOLATAS en M\u00fanich \u27a4 Consulta de fisioterapia S. Schweitzer","og_description":"FISIOLATOS \u27a4 FISIOTERAPIA YOga PiLATES \u27a4 Entrenamiento suave y potente seg\u00fan S. Botzenhart \u27a4 CITA gratuita \u260e +49 170 485 74 58","og_url":"https:\/\/www.physiotherapie-schweitzer.com\/es\/physyolates\/","og_site_name":"Physiotherapie Schweitzer","article_modified_time":"2026-03-11T10:19:27+00:00","og_image":[{"width":1600,"height":460,"url":"https:\/\/www.physiotherapie-schweitzer.com\/wp-content\/uploads\/2020\/08\/header_physiotherapie-1.jpg","type":"image\/jpeg"}],"twitter_card":"summary_large_image","twitter_misc":{"Tiempo de lectura":"1 minuto"},"schema":{"@context":"https:\/\/schema.org","@graph":[{"@type":"WebPage","@id":"https:\/\/www.physiotherapie-schweitzer.com\/es\/physyolates\/","url":"https:\/\/www.physiotherapie-schweitzer.com\/es\/physyolates\/","name":"FISIOLATAS en M\u00fanich \u27a4 Consulta de fisioterapia S. Schweitzer","isPartOf":{"@id":"https:\/\/www.physiotherapie-schweitzer.com\/es\/#website"},"primaryImageOfPage":{"@id":"https:\/\/www.physiotherapie-schweitzer.com\/es\/physyolates\/#primaryimage"},"image":{"@id":"https:\/\/www.physiotherapie-schweitzer.com\/es\/physyolates\/#primaryimage"},"thumbnailUrl":"https:\/\/www.physiotherapie-schweitzer.com\/wp-content\/uploads\/2020\/08\/header_physiotherapie-1.jpg","datePublished":"2020-08-06T08:14:48+00:00","dateModified":"2026-03-11T10:19:27+00:00","description":"FISIOLATOS \u27a4 FISIOTERAPIA YOga PiLATES \u27a4 Entrenamiento suave y potente seg\u00fan S. Botzenhart \u27a4 CITA gratuita \u260e +49 170 485 74 58","breadcrumb":{"@id":"https:\/\/www.physiotherapie-schweitzer.com\/es\/physyolates\/#breadcrumb"},"inLanguage":"es","potentialAction":[{"@type":"ReadAction","target":["https:\/\/www.physiotherapie-schweitzer.com\/es\/physyolates\/"]}]},{"@type":"ImageObject","inLanguage":"es","@id":"https:\/\/www.physiotherapie-schweitzer.com\/es\/physyolates\/#primaryimage","url":"https:\/\/www.physiotherapie-schweitzer.com\/wp-content\/uploads\/2020\/08\/header_physiotherapie-1.jpg","contentUrl":"https:\/\/www.physiotherapie-schweitzer.com\/wp-content\/uploads\/2020\/08\/header_physiotherapie-1.jpg","width":1600,"height":460},{"@type":"BreadcrumbList","@id":"https:\/\/www.physiotherapie-schweitzer.com\/es\/physyolates\/#breadcrumb","itemListElement":[{"@type":"ListItem","position":1,"name":"Home","item":"https:\/\/www.physiotherapie-schweitzer.com\/es\/fisioterapia-silke-schweitzer\/"},{"@type":"ListItem","position":2,"name":"Fisiolatos"}]},{"@type":"WebSite","@id":"https:\/\/www.physiotherapie-schweitzer.com\/es\/#website","url":"https:\/\/www.physiotherapie-schweitzer.com\/es\/","name":"Physiotherapie Schweitzer","description":"Eine weitere WordPress-Website","publisher":{"@id":"https:\/\/www.physiotherapie-schweitzer.com\/es\/#organization"},"potentialAction":[{"@type":"SearchAction","target":{"@type":"EntryPoint","urlTemplate":"https:\/\/www.physiotherapie-schweitzer.com\/es\/?s={search_term_string}"},"query-input":{"@type":"PropertyValueSpecification","valueRequired":true,"valueName":"search_term_string"}}],"inLanguage":"es"},{"@type":"Organization","@id":"https:\/\/www.physiotherapie-schweitzer.com\/es\/#organization","name":"Physiotherapie Schweitzer","url":"https:\/\/www.physiotherapie-schweitzer.com\/es\/","logo":{"@type":"ImageObject","inLanguage":"es","@id":"https:\/\/www.physiotherapie-schweitzer.com\/es\/#\/schema\/logo\/image\/","url":"https:\/\/www.physiotherapie-schweitzer.com\/wp-content\/uploads\/2020\/08\/logo.png","contentUrl":"https:\/\/www.physiotherapie-schweitzer.com\/wp-content\/uploads\/2020\/08\/logo.png","width":300,"height":110,"caption":"Physiotherapie Schweitzer"},"image":{"@id":"https:\/\/www.physiotherapie-schweitzer.com\/es\/#\/schema\/logo\/image\/"}}]}},"_links":{"self":[{"href":"https:\/\/www.physiotherapie-schweitzer.com\/es\/wp-json\/wp\/v2\/pages\/5153","targetHints":{"allow":["GET"]}}],"collection":[{"href":"https:\/\/www.physiotherapie-schweitzer.com\/es\/wp-json\/wp\/v2\/pages"}],"about":[{"href":"https:\/\/www.physiotherapie-schweitzer.com\/es\/wp-json\/wp\/v2\/types\/page"}],"author":[{"embeddable":true,"href":"https:\/\/www.physiotherapie-schweitzer.com\/es\/wp-json\/wp\/v2\/users\/4"}],"replies":[{"embeddable":true,"href":"https:\/\/www.physiotherapie-schweitzer.com\/es\/wp-json\/wp\/v2\/comments?post=5153"}],"version-history":[{"count":5,"href":"https:\/\/www.physiotherapie-schweitzer.com\/es\/wp-json\/wp\/v2\/pages\/5153\/revisions"}],"predecessor-version":[{"id":6003,"href":"https:\/\/www.physiotherapie-schweitzer.com\/es\/wp-json\/wp\/v2\/pages\/5153\/revisions\/6003"}],"wp:featuredmedia":[{"embeddable":true,"href":"https:\/\/www.physiotherapie-schweitzer.com\/es\/wp-json\/wp\/v2\/media\/5135"}],"wp:attachment":[{"href":"https:\/\/www.physiotherapie-schweitzer.com\/es\/wp-json\/wp\/v2\/media?parent=5153"}],"curies":[{"name":"wp","href":"https:\/\/api.w.org\/{rel}","templated":true}]}}