{"id":5149,"date":"2020-08-06T10:16:06","date_gmt":"2020-08-06T08:16:06","guid":{"rendered":"https:\/\/www.physiotherapie-schweitzer.com\/golf-fisio\/"},"modified":"2026-03-11T11:05:13","modified_gmt":"2026-03-11T10:05:13","slug":"golf-fisio","status":"publish","type":"page","link":"https:\/\/www.physiotherapie-schweitzer.com\/es\/golf-fisio\/","title":{"rendered":"Golf-Fisio"},"content":{"rendered":"\t\t<div data-elementor-type=\"wp-page\" data-elementor-id=\"5149\" class=\"elementor elementor-5149 elementor-172\" data-elementor-post-type=\"page\">\n\t\t\t\t\t\t<section class=\"elementor-section elementor-top-section elementor-element elementor-element-d34b308 elementor-section-stretched elementor-section-boxed elementor-section-height-default elementor-section-height-default\" data-id=\"d34b308\" data-element_type=\"section\" data-e-type=\"section\" data-settings=\"{&quot;stretch_section&quot;:&quot;section-stretched&quot;,&quot;background_background&quot;:&quot;classic&quot;}\">\n\t\t\t\t\t\t<div class=\"elementor-container elementor-column-gap-default\">\n\t\t\t\t\t<div class=\"elementor-column elementor-col-100 elementor-top-column elementor-element elementor-element-52e03d4f\" data-id=\"52e03d4f\" data-element_type=\"column\" data-e-type=\"column\">\n\t\t\t<div class=\"elementor-widget-wrap elementor-element-populated\">\n\t\t\t\t\t\t<section class=\"elementor-section elementor-inner-section elementor-element elementor-element-51d2fa0 elementor-section-boxed elementor-section-height-default elementor-section-height-default\" data-id=\"51d2fa0\" data-element_type=\"section\" data-e-type=\"section\" data-settings=\"{&quot;background_background&quot;:&quot;classic&quot;}\">\n\t\t\t\t\t\t<div class=\"elementor-container elementor-column-gap-default\">\n\t\t\t\t\t<div class=\"elementor-column elementor-col-100 elementor-inner-column elementor-element elementor-element-95d6766\" data-id=\"95d6766\" data-element_type=\"column\" data-e-type=\"column\">\n\t\t\t<div class=\"elementor-widget-wrap elementor-element-populated\">\n\t\t\t\t\t\t\t<\/div>\n\t\t<\/div>\n\t\t\t\t\t<\/div>\n\t\t<\/section>\n\t\t\t\t<section class=\"elementor-section elementor-inner-section elementor-element elementor-element-76828db elementor-section-boxed elementor-section-height-default elementor-section-height-default\" data-id=\"76828db\" data-element_type=\"section\" data-e-type=\"section\" data-settings=\"{&quot;background_background&quot;:&quot;classic&quot;}\">\n\t\t\t\t\t\t<div class=\"elementor-container elementor-column-gap-default\">\n\t\t\t\t\t<div class=\"elementor-column elementor-col-100 elementor-inner-column elementor-element elementor-element-1c3c5ec\" data-id=\"1c3c5ec\" data-element_type=\"column\" data-e-type=\"column\">\n\t\t\t<div class=\"elementor-widget-wrap elementor-element-populated\">\n\t\t\t\t\t\t<div class=\"elementor-element elementor-element-93c8abf elementor-widget elementor-widget-image\" data-id=\"93c8abf\" data-element_type=\"widget\" data-e-type=\"widget\" data-widget_type=\"image.default\">\n\t\t\t\t<div class=\"elementor-widget-container\">\n\t\t\t\t\t\t\t\t\t\t\t\t\t\t\t<img fetchpriority=\"high\" decoding=\"async\" width=\"1688\" height=\"679\" src=\"https:\/\/www.physiotherapie-schweitzer.com\/wp-content\/uploads\/2020\/08\/unterseite_golf-physio.jpg\" class=\"attachment-full size-full wp-image-5994\" alt=\"\" srcset=\"https:\/\/www.physiotherapie-schweitzer.com\/wp-content\/uploads\/2020\/08\/unterseite_golf-physio.jpg 1688w, https:\/\/www.physiotherapie-schweitzer.com\/wp-content\/uploads\/2020\/08\/unterseite_golf-physio-300x121.jpg 300w, https:\/\/www.physiotherapie-schweitzer.com\/wp-content\/uploads\/2020\/08\/unterseite_golf-physio-1024x412.jpg 1024w, https:\/\/www.physiotherapie-schweitzer.com\/wp-content\/uploads\/2020\/08\/unterseite_golf-physio-768x309.jpg 768w, https:\/\/www.physiotherapie-schweitzer.com\/wp-content\/uploads\/2020\/08\/unterseite_golf-physio-1536x618.jpg 1536w\" sizes=\"(max-width: 1688px) 100vw, 1688px\" \/>\t\t\t\t\t\t\t\t\t\t\t\t\t\t\t<\/div>\n\t\t\t\t<\/div>\n\t\t\t\t\t<\/div>\n\t\t<\/div>\n\t\t\t\t\t<\/div>\n\t\t<\/section>\n\t\t\t\t<section class=\"elementor-section elementor-inner-section elementor-element elementor-element-a7708c4 elementor-section-boxed elementor-section-height-default elementor-section-height-default\" data-id=\"a7708c4\" data-element_type=\"section\" data-e-type=\"section\" data-settings=\"{&quot;background_background&quot;:&quot;classic&quot;}\">\n\t\t\t\t\t\t<div class=\"elementor-container elementor-column-gap-wider\">\n\t\t\t\t\t<div class=\"elementor-column elementor-col-66 elementor-inner-column elementor-element elementor-element-555020c\" data-id=\"555020c\" data-element_type=\"column\" data-e-type=\"column\" data-settings=\"{&quot;background_background&quot;:&quot;classic&quot;}\">\n\t\t\t<div class=\"elementor-widget-wrap elementor-element-populated\">\n\t\t\t\t\t\t<div class=\"elementor-element elementor-element-d21731f elementor-widget elementor-widget-heading\" data-id=\"d21731f\" data-element_type=\"widget\" data-e-type=\"widget\" data-widget_type=\"heading.default\">\n\t\t\t\t<div class=\"elementor-widget-container\">\n\t\t\t\t\t<h2 class=\"elementor-heading-title elementor-size-default\">GOLF SALUDABLE<\/h2>\t\t\t\t<\/div>\n\t\t\t\t<\/div>\n\t\t\t\t<div class=\"elementor-element elementor-element-5f5af1b elementor-widget elementor-widget-text-editor\" data-id=\"5f5af1b\" data-element_type=\"widget\" data-e-type=\"widget\" data-widget_type=\"text-editor.default\">\n\t\t\t\t<div class=\"elementor-widget-container\">\n\t\t\t\t\t\t\t\t\t<p>Mi trabajo como tu fisioentrenador de golf (formado en el instituto de formaci\u00f3n reconocido por la PGA de Alemania \u00abSportMed-Pro Education Europe\u00bb) consiste en examinar y analizar tu juego de golf bajo <strong>aspectos fisiol\u00f3gicos biomec\u00e1nicos<\/strong>. Incluso los peque\u00f1os errores, por ejemplo en la preparaci\u00f3n, pueden tener graves consecuencias tanto para el swing como para tu cuerpo. Que juegues al golf con \u00e9xito o tengas un buen h\u00e1ndicap no significa que no haya fallos biomec\u00e1nicos que puedan provocar dolencias tarde o temprano.  <\/p><p>Tal vez ya sufras dolor de espalda o tengas otras molestias cuando\/despu\u00e9s de jugar al golf. Entonces no debes esperar m\u00e1s, sino concertar una cita conmigo enseguida. Juntos examinamos tus secuencias de movimiento espec\u00edficas del golf y las <strong>analizamos<\/strong> con ayuda de grabaciones de v\u00eddeo. As\u00ed descubrimos lo que podemos o debemos cambiar. Con ejercicios <strong>espec\u00edficos<\/strong> y en colaboraci\u00f3n <strong>con tu profesional de golf<\/strong>, daremos un nuevo impulso a tu juego para que puedas volver a jugar al golf sin dolor en el futuro.  <\/p>\t\t\t\t\t\t\t\t<\/div>\n\t\t\t\t<\/div>\n\t\t\t\t\t<\/div>\n\t\t<\/div>\n\t\t\t\t<div class=\"elementor-column elementor-col-33 elementor-inner-column elementor-element elementor-element-528f38b\" data-id=\"528f38b\" data-element_type=\"column\" data-e-type=\"column\">\n\t\t\t<div class=\"elementor-widget-wrap elementor-element-populated\">\n\t\t\t\t\t\t<div class=\"elementor-element elementor-element-14187cc elementor-widget elementor-widget-heading\" data-id=\"14187cc\" data-element_type=\"widget\" data-e-type=\"widget\" data-widget_type=\"heading.default\">\n\t\t\t\t<div class=\"elementor-widget-container\">\n\t\t\t\t\t<h2 class=\"elementor-heading-title elementor-size-default\">SOCIO<\/h2>\t\t\t\t<\/div>\n\t\t\t\t<\/div>\n\t\t\t\t<div class=\"elementor-element elementor-element-833a0df uael-img-grid__column-2 uael-img-grid-tablet__column-3 uael-img-grid-mobile__column-2 uael-ins-normal elementor-widget elementor-widget-global elementor-global-256 elementor-widget-uael-image-gallery\" data-id=\"833a0df\" data-element_type=\"widget\" data-e-type=\"widget\" data-settings=\"{&quot;gallery_columns&quot;:&quot;2&quot;,&quot;column_gap&quot;:{&quot;unit&quot;:&quot;px&quot;,&quot;size&quot;:10,&quot;sizes&quot;:[]},&quot;row_gap&quot;:{&quot;unit&quot;:&quot;px&quot;,&quot;size&quot;:10,&quot;sizes&quot;:[]},&quot;gallery_columns_tablet&quot;:&quot;3&quot;,&quot;gallery_columns_mobile&quot;:&quot;2&quot;,&quot;column_gap_tablet&quot;:{&quot;unit&quot;:&quot;px&quot;,&quot;size&quot;:&quot;&quot;,&quot;sizes&quot;:[]},&quot;column_gap_mobile&quot;:{&quot;unit&quot;:&quot;px&quot;,&quot;size&quot;:&quot;&quot;,&quot;sizes&quot;:[]},&quot;row_gap_tablet&quot;:{&quot;unit&quot;:&quot;px&quot;,&quot;size&quot;:&quot;&quot;,&quot;sizes&quot;:[]},&quot;row_gap_mobile&quot;:{&quot;unit&quot;:&quot;px&quot;,&quot;size&quot;:&quot;&quot;,&quot;sizes&quot;:[]},&quot;images_valign&quot;:&quot;flex-start&quot;}\" data-widget_type=\"uael-image-gallery.default\">\n\t\t\t\t<div class=\"elementor-widget-container\">\n\t\t\t\t\t<div class=\"uael-gallery-parent uael-caption- uael-gallery-unjustified\"><div class=\"uael-img-gallery-wrap uael-img-grid-wrap uael-img-grid-masonry-wrap\" data-filter-default=\"All\"><div class=\"uael-grid-item  uael-img-gallery-item-1\"><div class=\"uael-grid-item-content\"><figure class=\"uael-grid-img uael-grid-gallery-img uael-ins-hover elementor-clickable\"><div class=\"uael-grid-img-thumbnail uael-ins-target\"><img decoding=\"async\" width=\"95\" height=\"80\" src=\"https:\/\/www.physiotherapie-schweitzer.com\/wp-content\/uploads\/2020\/08\/partner_5_hover.jpg\" class=\"attachment-medium size-medium wp-image-58\" alt=\"\" \/><\/div><div class=\"uael-grid-img-overlay\"><\/div><\/figure><\/div><\/div><div class=\"uael-grid-item  uael-img-gallery-item-2\"><div class=\"uael-grid-item-content\"><figure class=\"uael-grid-img uael-grid-gallery-img uael-ins-hover elementor-clickable\"><div class=\"uael-grid-img-thumbnail uael-ins-target\"><img decoding=\"async\" width=\"95\" height=\"80\" src=\"https:\/\/www.physiotherapie-schweitzer.com\/wp-content\/uploads\/2020\/08\/partner_6_hover-1.jpg\" class=\"attachment-medium size-medium wp-image-254\" alt=\"\" \/><\/div><div class=\"uael-grid-img-overlay\"><\/div><\/figure><\/div><\/div><\/div><\/div>\t\t\t\t<\/div>\n\t\t\t\t<\/div>\n\t\t\t\t<div class=\"elementor-element elementor-element-fbe945a elementor-widget elementor-widget-spacer\" data-id=\"fbe945a\" data-element_type=\"widget\" data-e-type=\"widget\" data-widget_type=\"spacer.default\">\n\t\t\t\t<div class=\"elementor-widget-container\">\n\t\t\t\t\t\t\t<div class=\"elementor-spacer\">\n\t\t\t<div class=\"elementor-spacer-inner\"><\/div>\n\t\t<\/div>\n\t\t\t\t\t\t<\/div>\n\t\t\t\t<\/div>\n\t\t\t\t\t<\/div>\n\t\t<\/div>\n\t\t\t\t\t<\/div>\n\t\t<\/section>\n\t\t\t\t\t<\/div>\n\t\t<\/div>\n\t\t\t\t\t<\/div>\n\t\t<\/section>\n\t\t\t\t<\/div>\n\t\t","protected":false},"excerpt":{"rendered":"<p>GOLF SALUDABLE Mi trabajo como tu fisioentrenador de golf (formado en el instituto de formaci\u00f3n reconocido por la PGA de Alemania \u00abSportMed-Pro Education Europe\u00bb) consiste en examinar y analizar tu juego de golf bajo aspectos fisiol\u00f3gicos biomec\u00e1nicos. Incluso los peque\u00f1os errores, por ejemplo en la preparaci\u00f3n, pueden tener graves consecuencias tanto para el swing como [&hellip;]<\/p>\n","protected":false},"author":4,"featured_media":5135,"parent":0,"menu_order":0,"comment_status":"closed","ping_status":"closed","template":"elementor_header_footer","meta":{"site-sidebar-layout":"no-sidebar","site-content-layout":"default","ast-site-content-layout":"default","site-content-style":"default","site-sidebar-style":"default","ast-global-header-display":"","ast-banner-title-visibility":"","ast-main-header-display":"","ast-hfb-above-header-display":"","ast-hfb-below-header-display":"","ast-hfb-mobile-header-display":"","site-post-title":"","ast-breadcrumbs-content":"","ast-featured-img":"","footer-sml-layout":"","ast-disable-related-posts":"","theme-transparent-header-meta":"default","adv-header-id-meta":"","stick-header-meta":"default","header-above-stick-meta":"","header-main-stick-meta":"","header-below-stick-meta":"","astra-migrate-meta-layouts":"default","ast-page-background-enabled":"default","ast-page-background-meta":{"desktop":{"background-color":"","background-image":"","background-repeat":"repeat","background-position":"center center","background-size":"auto","background-attachment":"scroll","background-type":"","background-media":"","overlay-type":"","overlay-color":"","overlay-opacity":"","overlay-gradient":""},"tablet":{"background-color":"","background-image":"","background-repeat":"repeat","background-position":"center center","background-size":"auto","background-attachment":"scroll","background-type":"","background-media":"","overlay-type":"","overlay-color":"","overlay-opacity":"","overlay-gradient":""},"mobile":{"background-color":"","background-image":"","background-repeat":"repeat","background-position":"center center","background-size":"auto","background-attachment":"scroll","background-type":"","background-media":"","overlay-type":"","overlay-color":"","overlay-opacity":"","overlay-gradient":""}},"ast-content-background-meta":{"desktop":{"background-color":"var(--ast-global-color-5)","background-image":"","background-repeat":"repeat","background-position":"center center","background-size":"auto","background-attachment":"scroll","background-type":"","background-media":"","overlay-type":"","overlay-color":"","overlay-opacity":"","overlay-gradient":""},"tablet":{"background-color":"var(--ast-global-color-5)","background-image":"","background-repeat":"repeat","background-position":"center center","background-size":"auto","background-attachment":"scroll","background-type":"","background-media":"","overlay-type":"","overlay-color":"","overlay-opacity":"","overlay-gradient":""},"mobile":{"background-color":"var(--ast-global-color-5)","background-image":"","background-repeat":"repeat","background-position":"center center","background-size":"auto","background-attachment":"scroll","background-type":"","background-media":"","overlay-type":"","overlay-color":"","overlay-opacity":"","overlay-gradient":""}},"footnotes":""},"class_list":["post-5149","page","type-page","status-publish","has-post-thumbnail","hentry"],"yoast_head":"<!-- This site is optimized with the Yoast SEO plugin v27.3 - https:\/\/yoast.com\/product\/yoast-seo-wordpress\/ -->\n<title>\u00bfBusca un fisioterapeuta de golf en M\u00fanich? Pr\u00e1ctica terap\u00e9utica experimentada para golfistas<\/title>\n<meta name=\"description\" content=\"Golf-Physio \u27a4 evitar errores biomec\u00e1nicos\u2713 an\u00e1lisis personal\u2713 asesoramiento individual\u2713 terapia del dolor\u2713 y mucho m\u00e1s. CITAS +49 170 485 74 58\" \/>\n<meta name=\"robots\" content=\"index, follow, max-snippet:-1, max-image-preview:large, max-video-preview:-1\" \/>\n<link rel=\"canonical\" href=\"https:\/\/www.physiotherapie-schweitzer.com\/es\/golf-fisio\/\" \/>\n<meta property=\"og:locale\" content=\"es_ES\" \/>\n<meta property=\"og:type\" content=\"article\" \/>\n<meta property=\"og:title\" content=\"\u00bfBusca un fisioterapeuta de golf en M\u00fanich? Pr\u00e1ctica terap\u00e9utica experimentada para golfistas\" \/>\n<meta property=\"og:description\" content=\"Golf-Physio \u27a4 evitar errores biomec\u00e1nicos\u2713 an\u00e1lisis personal\u2713 asesoramiento individual\u2713 terapia del dolor\u2713 y mucho m\u00e1s. CITAS +49 170 485 74 58\" \/>\n<meta property=\"og:url\" content=\"https:\/\/www.physiotherapie-schweitzer.com\/es\/golf-fisio\/\" \/>\n<meta property=\"og:site_name\" content=\"Physiotherapie Schweitzer\" \/>\n<meta property=\"article:modified_time\" content=\"2026-03-11T10:05:13+00:00\" \/>\n<meta property=\"og:image\" content=\"https:\/\/www.physiotherapie-schweitzer.com\/wp-content\/uploads\/2020\/08\/header_physiotherapie-1.jpg\" \/>\n\t<meta property=\"og:image:width\" content=\"1600\" \/>\n\t<meta property=\"og:image:height\" content=\"460\" \/>\n\t<meta property=\"og:image:type\" content=\"image\/jpeg\" \/>\n<meta name=\"twitter:card\" content=\"summary_large_image\" \/>\n<meta name=\"twitter:label1\" content=\"Tiempo de lectura\" \/>\n\t<meta name=\"twitter:data1\" content=\"1 minuto\" \/>\n<script type=\"application\/ld+json\" class=\"yoast-schema-graph\">{\"@context\":\"https:\\\/\\\/schema.org\",\"@graph\":[{\"@type\":\"WebPage\",\"@id\":\"https:\\\/\\\/www.physiotherapie-schweitzer.com\\\/es\\\/golf-fisio\\\/\",\"url\":\"https:\\\/\\\/www.physiotherapie-schweitzer.com\\\/es\\\/golf-fisio\\\/\",\"name\":\"\u00bfBusca un fisioterapeuta de golf en M\u00fanich? Pr\u00e1ctica terap\u00e9utica experimentada para golfistas\",\"isPartOf\":{\"@id\":\"https:\\\/\\\/www.physiotherapie-schweitzer.com\\\/es\\\/#website\"},\"primaryImageOfPage\":{\"@id\":\"https:\\\/\\\/www.physiotherapie-schweitzer.com\\\/es\\\/golf-fisio\\\/#primaryimage\"},\"image\":{\"@id\":\"https:\\\/\\\/www.physiotherapie-schweitzer.com\\\/es\\\/golf-fisio\\\/#primaryimage\"},\"thumbnailUrl\":\"https:\\\/\\\/www.physiotherapie-schweitzer.com\\\/wp-content\\\/uploads\\\/2020\\\/08\\\/header_physiotherapie-1.jpg\",\"datePublished\":\"2020-08-06T08:16:06+00:00\",\"dateModified\":\"2026-03-11T10:05:13+00:00\",\"description\":\"Golf-Physio \u27a4 evitar errores biomec\u00e1nicos\u2713 an\u00e1lisis personal\u2713 asesoramiento individual\u2713 terapia del dolor\u2713 y mucho m\u00e1s. CITAS +49 170 485 74 58\",\"breadcrumb\":{\"@id\":\"https:\\\/\\\/www.physiotherapie-schweitzer.com\\\/es\\\/golf-fisio\\\/#breadcrumb\"},\"inLanguage\":\"es\",\"potentialAction\":[{\"@type\":\"ReadAction\",\"target\":[\"https:\\\/\\\/www.physiotherapie-schweitzer.com\\\/es\\\/golf-fisio\\\/\"]}]},{\"@type\":\"ImageObject\",\"inLanguage\":\"es\",\"@id\":\"https:\\\/\\\/www.physiotherapie-schweitzer.com\\\/es\\\/golf-fisio\\\/#primaryimage\",\"url\":\"https:\\\/\\\/www.physiotherapie-schweitzer.com\\\/wp-content\\\/uploads\\\/2020\\\/08\\\/header_physiotherapie-1.jpg\",\"contentUrl\":\"https:\\\/\\\/www.physiotherapie-schweitzer.com\\\/wp-content\\\/uploads\\\/2020\\\/08\\\/header_physiotherapie-1.jpg\",\"width\":1600,\"height\":460},{\"@type\":\"BreadcrumbList\",\"@id\":\"https:\\\/\\\/www.physiotherapie-schweitzer.com\\\/es\\\/golf-fisio\\\/#breadcrumb\",\"itemListElement\":[{\"@type\":\"ListItem\",\"position\":1,\"name\":\"Home\",\"item\":\"https:\\\/\\\/www.physiotherapie-schweitzer.com\\\/es\\\/fisioterapia-silke-schweitzer\\\/\"},{\"@type\":\"ListItem\",\"position\":2,\"name\":\"Golf-Fisio\"}]},{\"@type\":\"WebSite\",\"@id\":\"https:\\\/\\\/www.physiotherapie-schweitzer.com\\\/es\\\/#website\",\"url\":\"https:\\\/\\\/www.physiotherapie-schweitzer.com\\\/es\\\/\",\"name\":\"Physiotherapie Schweitzer\",\"description\":\"Eine weitere WordPress-Website\",\"publisher\":{\"@id\":\"https:\\\/\\\/www.physiotherapie-schweitzer.com\\\/es\\\/#organization\"},\"potentialAction\":[{\"@type\":\"SearchAction\",\"target\":{\"@type\":\"EntryPoint\",\"urlTemplate\":\"https:\\\/\\\/www.physiotherapie-schweitzer.com\\\/es\\\/?s={search_term_string}\"},\"query-input\":{\"@type\":\"PropertyValueSpecification\",\"valueRequired\":true,\"valueName\":\"search_term_string\"}}],\"inLanguage\":\"es\"},{\"@type\":\"Organization\",\"@id\":\"https:\\\/\\\/www.physiotherapie-schweitzer.com\\\/es\\\/#organization\",\"name\":\"Physiotherapie Schweitzer\",\"url\":\"https:\\\/\\\/www.physiotherapie-schweitzer.com\\\/es\\\/\",\"logo\":{\"@type\":\"ImageObject\",\"inLanguage\":\"es\",\"@id\":\"https:\\\/\\\/www.physiotherapie-schweitzer.com\\\/es\\\/#\\\/schema\\\/logo\\\/image\\\/\",\"url\":\"https:\\\/\\\/www.physiotherapie-schweitzer.com\\\/wp-content\\\/uploads\\\/2020\\\/08\\\/logo.png\",\"contentUrl\":\"https:\\\/\\\/www.physiotherapie-schweitzer.com\\\/wp-content\\\/uploads\\\/2020\\\/08\\\/logo.png\",\"width\":300,\"height\":110,\"caption\":\"Physiotherapie Schweitzer\"},\"image\":{\"@id\":\"https:\\\/\\\/www.physiotherapie-schweitzer.com\\\/es\\\/#\\\/schema\\\/logo\\\/image\\\/\"}}]}<\/script>\n<!-- \/ Yoast SEO plugin. -->","yoast_head_json":{"title":"\u00bfBusca un fisioterapeuta de golf en M\u00fanich? Pr\u00e1ctica terap\u00e9utica experimentada para golfistas","description":"Golf-Physio \u27a4 evitar errores biomec\u00e1nicos\u2713 an\u00e1lisis personal\u2713 asesoramiento individual\u2713 terapia del dolor\u2713 y mucho m\u00e1s. CITAS +49 170 485 74 58","robots":{"index":"index","follow":"follow","max-snippet":"max-snippet:-1","max-image-preview":"max-image-preview:large","max-video-preview":"max-video-preview:-1"},"canonical":"https:\/\/www.physiotherapie-schweitzer.com\/es\/golf-fisio\/","og_locale":"es_ES","og_type":"article","og_title":"\u00bfBusca un fisioterapeuta de golf en M\u00fanich? Pr\u00e1ctica terap\u00e9utica experimentada para golfistas","og_description":"Golf-Physio \u27a4 evitar errores biomec\u00e1nicos\u2713 an\u00e1lisis personal\u2713 asesoramiento individual\u2713 terapia del dolor\u2713 y mucho m\u00e1s. CITAS +49 170 485 74 58","og_url":"https:\/\/www.physiotherapie-schweitzer.com\/es\/golf-fisio\/","og_site_name":"Physiotherapie Schweitzer","article_modified_time":"2026-03-11T10:05:13+00:00","og_image":[{"width":1600,"height":460,"url":"https:\/\/www.physiotherapie-schweitzer.com\/wp-content\/uploads\/2020\/08\/header_physiotherapie-1.jpg","type":"image\/jpeg"}],"twitter_card":"summary_large_image","twitter_misc":{"Tiempo de lectura":"1 minuto"},"schema":{"@context":"https:\/\/schema.org","@graph":[{"@type":"WebPage","@id":"https:\/\/www.physiotherapie-schweitzer.com\/es\/golf-fisio\/","url":"https:\/\/www.physiotherapie-schweitzer.com\/es\/golf-fisio\/","name":"\u00bfBusca un fisioterapeuta de golf en M\u00fanich? Pr\u00e1ctica terap\u00e9utica experimentada para golfistas","isPartOf":{"@id":"https:\/\/www.physiotherapie-schweitzer.com\/es\/#website"},"primaryImageOfPage":{"@id":"https:\/\/www.physiotherapie-schweitzer.com\/es\/golf-fisio\/#primaryimage"},"image":{"@id":"https:\/\/www.physiotherapie-schweitzer.com\/es\/golf-fisio\/#primaryimage"},"thumbnailUrl":"https:\/\/www.physiotherapie-schweitzer.com\/wp-content\/uploads\/2020\/08\/header_physiotherapie-1.jpg","datePublished":"2020-08-06T08:16:06+00:00","dateModified":"2026-03-11T10:05:13+00:00","description":"Golf-Physio \u27a4 evitar errores biomec\u00e1nicos\u2713 an\u00e1lisis personal\u2713 asesoramiento individual\u2713 terapia del dolor\u2713 y mucho m\u00e1s. CITAS +49 170 485 74 58","breadcrumb":{"@id":"https:\/\/www.physiotherapie-schweitzer.com\/es\/golf-fisio\/#breadcrumb"},"inLanguage":"es","potentialAction":[{"@type":"ReadAction","target":["https:\/\/www.physiotherapie-schweitzer.com\/es\/golf-fisio\/"]}]},{"@type":"ImageObject","inLanguage":"es","@id":"https:\/\/www.physiotherapie-schweitzer.com\/es\/golf-fisio\/#primaryimage","url":"https:\/\/www.physiotherapie-schweitzer.com\/wp-content\/uploads\/2020\/08\/header_physiotherapie-1.jpg","contentUrl":"https:\/\/www.physiotherapie-schweitzer.com\/wp-content\/uploads\/2020\/08\/header_physiotherapie-1.jpg","width":1600,"height":460},{"@type":"BreadcrumbList","@id":"https:\/\/www.physiotherapie-schweitzer.com\/es\/golf-fisio\/#breadcrumb","itemListElement":[{"@type":"ListItem","position":1,"name":"Home","item":"https:\/\/www.physiotherapie-schweitzer.com\/es\/fisioterapia-silke-schweitzer\/"},{"@type":"ListItem","position":2,"name":"Golf-Fisio"}]},{"@type":"WebSite","@id":"https:\/\/www.physiotherapie-schweitzer.com\/es\/#website","url":"https:\/\/www.physiotherapie-schweitzer.com\/es\/","name":"Physiotherapie Schweitzer","description":"Eine weitere WordPress-Website","publisher":{"@id":"https:\/\/www.physiotherapie-schweitzer.com\/es\/#organization"},"potentialAction":[{"@type":"SearchAction","target":{"@type":"EntryPoint","urlTemplate":"https:\/\/www.physiotherapie-schweitzer.com\/es\/?s={search_term_string}"},"query-input":{"@type":"PropertyValueSpecification","valueRequired":true,"valueName":"search_term_string"}}],"inLanguage":"es"},{"@type":"Organization","@id":"https:\/\/www.physiotherapie-schweitzer.com\/es\/#organization","name":"Physiotherapie Schweitzer","url":"https:\/\/www.physiotherapie-schweitzer.com\/es\/","logo":{"@type":"ImageObject","inLanguage":"es","@id":"https:\/\/www.physiotherapie-schweitzer.com\/es\/#\/schema\/logo\/image\/","url":"https:\/\/www.physiotherapie-schweitzer.com\/wp-content\/uploads\/2020\/08\/logo.png","contentUrl":"https:\/\/www.physiotherapie-schweitzer.com\/wp-content\/uploads\/2020\/08\/logo.png","width":300,"height":110,"caption":"Physiotherapie Schweitzer"},"image":{"@id":"https:\/\/www.physiotherapie-schweitzer.com\/es\/#\/schema\/logo\/image\/"}}]}},"_links":{"self":[{"href":"https:\/\/www.physiotherapie-schweitzer.com\/es\/wp-json\/wp\/v2\/pages\/5149","targetHints":{"allow":["GET"]}}],"collection":[{"href":"https:\/\/www.physiotherapie-schweitzer.com\/es\/wp-json\/wp\/v2\/pages"}],"about":[{"href":"https:\/\/www.physiotherapie-schweitzer.com\/es\/wp-json\/wp\/v2\/types\/page"}],"author":[{"embeddable":true,"href":"https:\/\/www.physiotherapie-schweitzer.com\/es\/wp-json\/wp\/v2\/users\/4"}],"replies":[{"embeddable":true,"href":"https:\/\/www.physiotherapie-schweitzer.com\/es\/wp-json\/wp\/v2\/comments?post=5149"}],"version-history":[{"count":5,"href":"https:\/\/www.physiotherapie-schweitzer.com\/es\/wp-json\/wp\/v2\/pages\/5149\/revisions"}],"predecessor-version":[{"id":5995,"href":"https:\/\/www.physiotherapie-schweitzer.com\/es\/wp-json\/wp\/v2\/pages\/5149\/revisions\/5995"}],"wp:featuredmedia":[{"embeddable":true,"href":"https:\/\/www.physiotherapie-schweitzer.com\/es\/wp-json\/wp\/v2\/media\/5135"}],"wp:attachment":[{"href":"https:\/\/www.physiotherapie-schweitzer.com\/es\/wp-json\/wp\/v2\/media?parent=5149"}],"curies":[{"name":"wp","href":"https:\/\/api.w.org\/{rel}","templated":true}]}}